{"id":795,"date":"2019-12-23T22:01:59","date_gmt":"2019-12-24T00:01:59","guid":{"rendered":"https:\/\/www.delfos.eng.br\/site\/?page_id=795"},"modified":"2026-01-03T14:29:29","modified_gmt":"2026-01-03T17:29:29","slug":"energia-solar-em-erechim","status":"publish","type":"page","link":"https:\/\/www.delfos.eng.br\/site\/","title":{"rendered":"Energia Solar"},"content":{"rendered":"<h1>Energia Solar em Erechim<\/h1>\n<p>Economia de at\u00e9 95% na conta de luz de sua empresa ou resid\u00eancia utilizando nossas solu\u00e7\u00f5es de Energia Solar em Erechim e regi\u00e3o. Delfos Engenharia, entre no site e confira hoje mesmo! Fa\u00e7a seu or\u00e7amento gratuito.<\/p>\n<p>Economia<\/p>\n<p>A instala\u00e7\u00e3o reduz em at\u00e9 95% a tarifa da energia el\u00e9trica consumida.<\/p>\n<p>Valoriza\u00e7\u00e3o do Im\u00f3vel<\/p>\n<p>Possibilita valoriza\u00e7\u00e3o imediata do im\u00f3vel, o que representa um investimento muito valioso e duradouro.<\/p>\n<p>Atitude Sustent\u00e1vel<\/p>\n<p>N\u00e3o poluente, \u00e9 inesgot\u00e1vel e n\u00e3o faz barulho.<\/p>\n<p>Baixa Manuten\u00e7\u00e3o<\/p>\n<p>\u00c9 necess\u00e1ria limpeza dos pain\u00e9is apenas uma ou duas vezes por ano<\/p>\n<p><a href=\"https:\/\/www.delfos.eng.br\">https:\/\/www.delfos.eng.br<\/a><\/p>\n<p>A Delfos Engenharia \u00e9 uma empresa constitu\u00edda h\u00e1 mais de cinco anos com experi\u00eancia em diversos setores de engenharia. Todos os servi\u00e7os s\u00e3o executados por profissionais da \u00e1rea com experi\u00eancia e compet\u00eancia seguindo as normas regulamentadas.<\/p>\n<p>O quadro de colaboradores inclui tr\u00eas engenheiros civis e tr\u00eas engenheiros eletricistas, um departamento comercial composto de um supervisor e oito representantes e um setor administrativo com quatro colaboradores.<\/p>\n<p>A equipe de trabalho de eletricistas \u00e9 composta de dois supervisores e vinte colaboradores sendo poss\u00edveis tr\u00eas frentes de execu\u00e7\u00e3o.<\/p>\n<p>Trabalhamos com fornecedores selecionados onde podemos cotar os melhores produtos com os melhores valores, prezando sempre por materiais de \u00f3tima qualidade oferecendo assim durabilidade, efici\u00eancia e efic\u00e1cia.<\/p>\n<p>Temos refer\u00eancias de empresas de diversos segmentos e de resid\u00eancias assim como das concession\u00e1rias de energia el\u00e9trica que atestam nossa seriedade e compet\u00eancia em nosso trabalho.<\/p>\n<p>Nos servi\u00e7os de energia solar fotovoltaica oferecemos acompanhamento das etapas perante a concession\u00e1ria local, para que a mesma cumpra com os prazos (an\u00e1lise comercial, an\u00e1lise t\u00e9cnica e vistoria) estabelecidos pela Aneel. Desta forma os sistemas s\u00e3o agilmente aprovados sem atrasos para o cliente. Junto a isso o monitoramento no primeiro ano de gera\u00e7\u00e3o do sistema \u00e9 feito pela Delfos Engenharia que proporciona um treinamento para ci\u00eancia da conta de luz e do sistema fotovoltaico.<\/p>\n<p>Nosso objetivo \u00e9 que os servi\u00e7os prestados pela Delfos Engenharia sejam bem executados e com resultados superem as expectativas dos nossos clientes.<\/p>\n<p><a href=\"https:\/\/www.delfos.eng.br\/site\/wp-content\/uploads\/2026\/01\/DELFOS-Solar.png\"><img decoding=\"async\" class=\"size-medium wp-image-1410 aligncenter\" src=\"https:\/\/www.delfos.eng.br\/site\/wp-content\/uploads\/2026\/01\/DELFOS-Solar-300x187.png\" alt=\"\" width=\"300\" height=\"187\" loading=\"lazy\" srcset=\"https:\/\/www.delfos.eng.br\/site\/wp-content\/uploads\/2026\/01\/DELFOS-Solar-300x187.png 300w, https:\/\/www.delfos.eng.br\/site\/wp-content\/uploads\/2026\/01\/DELFOS-Solar.png 454w\" sizes=\"(max-width: 300px) 100vw, 300px\" \/><\/a><\/p>\n<p style=\"text-align: center;\">Energia Solar em Erechim<\/p>\n","protected":false},"excerpt":{"rendered":"<p>Energia Solar em Erechim Economia de at\u00e9 95% na conta de luz de sua empresa [&hellip;]<\/p>\n","protected":false},"author":1,"featured_media":0,"parent":0,"menu_order":6,"comment_status":"closed","ping_status":"closed","template":"template-inicio3.php","meta":{"footnotes":""},"class_list":["post-795","page","type-page","status-publish","hentry"],"_links":{"self":[{"href":"https:\/\/www.delfos.eng.br\/site\/wp-json\/wp\/v2\/pages\/795"}],"collection":[{"href":"https:\/\/www.delfos.eng.br\/site\/wp-json\/wp\/v2\/pages"}],"about":[{"href":"https:\/\/www.delfos.eng.br\/site\/wp-json\/wp\/v2\/types\/page"}],"author":[{"embeddable":true,"href":"https:\/\/www.delfos.eng.br\/site\/wp-json\/wp\/v2\/users\/1"}],"replies":[{"embeddable":true,"href":"https:\/\/www.delfos.eng.br\/site\/wp-json\/wp\/v2\/comments?post=795"}],"version-history":[{"count":14,"href":"https:\/\/www.delfos.eng.br\/site\/wp-json\/wp\/v2\/pages\/795\/revisions"}],"predecessor-version":[{"id":1412,"href":"https:\/\/www.delfos.eng.br\/site\/wp-json\/wp\/v2\/pages\/795\/revisions\/1412"}],"wp:attachment":[{"href":"https:\/\/www.delfos.eng.br\/site\/wp-json\/wp\/v2\/media?parent=795"}],"curies":[{"name":"wp","href":"https:\/\/api.w.org\/{rel}","templated":true}]}}