{"id":797,"date":"2019-12-23T22:02:35","date_gmt":"2019-12-24T00:02:35","guid":{"rendered":"https:\/\/www.delfos.eng.br\/site\/?page_id=797"},"modified":"2025-03-14T10:36:11","modified_gmt":"2025-03-14T13:36:11","slug":"quem-somos","status":"publish","type":"page","link":"https:\/\/www.delfos.eng.br\/site\/quem-somos\/","title":{"rendered":"Sobre n\u00f3s"},"content":{"rendered":"<p><a href=\"https:\/\/www.delfos.eng.br\/site\/wp-content\/uploads\/2025\/03\/qqq.png\"><img decoding=\"async\" class=\"alignleft wp-image-1354\" src=\"https:\/\/www.delfos.eng.br\/site\/wp-content\/uploads\/2025\/03\/qqq.png\" alt=\"\" width=\"447\" height=\"334\" loading=\"lazy\" srcset=\"https:\/\/www.delfos.eng.br\/site\/wp-content\/uploads\/2025\/03\/qqq.png 608w, https:\/\/www.delfos.eng.br\/site\/wp-content\/uploads\/2025\/03\/qqq-300x224.png 300w\" sizes=\"(max-width: 447px) 100vw, 447px\" \/><\/a>A Delfos Solar \u00e9 uma refer\u00eancia no setor de energia solar, com mais de 10 anos de experi\u00eancia e um hist\u00f3rico de sucesso em mais de 2000 projetos. Nossa especialidade \u00e9 fornecer solu\u00e7\u00f5es completas em energia solar fotovoltaica, atendendo a necessidades residenciais, comerciais e industriais, al\u00e9m de desenvolver usinas para investimento com rentabilidade garantida.<\/p>\n<p>O que nos diferencia \u00e9 a nossa abordagem personalizada e nosso compromisso com a excel\u00eancia. Cada projeto \u00e9 cuidadosamente planejado e executado para maximizar a efici\u00eancia e os resultados para nossos clientes. Al\u00e9m disso, nossa equipe altamente qualificada est\u00e1 sempre atualizada com as mais recentes tecnologias e melhores pr\u00e1ticas do mercado, garantindo sistemas modernos, confi\u00e1veis e eficientes.<\/p>\n<p>Na Delfos Solar, n\u00e3o nos limitamos apenas \u00e0 instala\u00e7\u00e3o de sistemas solares. Oferecemos servi\u00e7os especializados em gest\u00e3o e manuten\u00e7\u00e3o de usinas, assegurando que sua usina fotovoltaica opere com desempenho m\u00e1ximo ao longo do tempo. Tamb\u00e9m inovamos com a energia solar por assinatura, uma solu\u00e7\u00e3o acess\u00edvel e pr\u00e1tica para quem deseja economizar na conta de energia sem a necessidade de investimento inicial.<\/p>\n<p>&nbsp;<\/p>\n<p>Nosso compromisso vai al\u00e9m da economia financeira; estamos empenhados em promover a sustentabilidade e o uso de fontes de energia limpa, contribuindo para um futuro mais verde. Na Delfos Solar, cuidamos de cada detalhe para garantir que nossos clientes tenham uma experi\u00eancia excepcional, do in\u00edcio ao fim.<\/p>\n","protected":false},"excerpt":{"rendered":"<p>A Delfos Solar \u00e9 uma refer\u00eancia no setor de energia solar, com mais de 10 [&hellip;]<\/p>\n","protected":false},"author":1,"featured_media":0,"parent":0,"menu_order":5,"comment_status":"closed","ping_status":"closed","template":"","meta":{"footnotes":""},"class_list":["post-797","page","type-page","status-publish","hentry"],"_links":{"self":[{"href":"https:\/\/www.delfos.eng.br\/site\/wp-json\/wp\/v2\/pages\/797"}],"collection":[{"href":"https:\/\/www.delfos.eng.br\/site\/wp-json\/wp\/v2\/pages"}],"about":[{"href":"https:\/\/www.delfos.eng.br\/site\/wp-json\/wp\/v2\/types\/page"}],"author":[{"embeddable":true,"href":"https:\/\/www.delfos.eng.br\/site\/wp-json\/wp\/v2\/users\/1"}],"replies":[{"embeddable":true,"href":"https:\/\/www.delfos.eng.br\/site\/wp-json\/wp\/v2\/comments?post=797"}],"version-history":[{"count":24,"href":"https:\/\/www.delfos.eng.br\/site\/wp-json\/wp\/v2\/pages\/797\/revisions"}],"predecessor-version":[{"id":1360,"href":"https:\/\/www.delfos.eng.br\/site\/wp-json\/wp\/v2\/pages\/797\/revisions\/1360"}],"wp:attachment":[{"href":"https:\/\/www.delfos.eng.br\/site\/wp-json\/wp\/v2\/media?parent=797"}],"curies":[{"name":"wp","href":"https:\/\/api.w.org\/{rel}","templated":true}]}}